{"id":12974,"date":"2023-09-27T11:25:04","date_gmt":"2023-09-27T09:25:04","guid":{"rendered":"https:\/\/unequity.com\/unequity-special-explore-questionnaire\/"},"modified":"2023-09-27T12:04:15","modified_gmt":"2023-09-27T10:04:15","slug":"unequity-special-explore-questionnaire","status":"publish","type":"page","link":"https:\/\/unequity.com\/en\/unequity-special-explore-questionnaire\/","title":{"rendered":"Unequity Special: EXPLORE Questionnaire"},"content":{"rendered":"\t\t<div data-elementor-type=\"wp-post\" data-elementor-id=\"12974\" class=\"elementor elementor-12974 elementor-2839\" data-elementor-post-type=\"page\">\n\t\t\t\t\t\t<section class=\"elementor-section elementor-top-section elementor-element elementor-element-78e9744 elementor-section-stretched elementor-section-boxed elementor-section-height-default elementor-section-height-default\" data-id=\"78e9744\" data-element_type=\"section\" data-e-type=\"section\" data-settings=\"{&quot;stretch_section&quot;:&quot;section-stretched&quot;}\">\n\t\t\t\t\t\t<div class=\"elementor-container elementor-column-gap-default\">\n\t\t\t\t\t<div class=\"elementor-column elementor-col-100 elementor-top-column elementor-element elementor-element-50373c7\" data-id=\"50373c7\" data-element_type=\"column\" data-e-type=\"column\">\n\t\t\t<div class=\"elementor-widget-wrap elementor-element-populated\">\n\t\t\t\t\t\t<div class=\"elementor-element elementor-element-b5cdeb0 elementor-widget elementor-widget-heading\" data-id=\"b5cdeb0\" data-element_type=\"widget\" data-e-type=\"widget\" data-widget_type=\"heading.default\">\n\t\t\t\t<div class=\"elementor-widget-container\">\n\t\t\t\t\t<h2 class=\"elementor-heading-title elementor-size-default\">Let's find new pathways together<\/h2>\t\t\t\t<\/div>\n\t\t\t\t<\/div>\n\t\t\t\t<div class=\"elementor-element elementor-element-9f880ba elementor-widget-divider--view-line elementor-widget elementor-widget-divider\" data-id=\"9f880ba\" data-element_type=\"widget\" data-e-type=\"widget\" data-widget_type=\"divider.default\">\n\t\t\t\t<div class=\"elementor-widget-container\">\n\t\t\t\t\t\t\t<div class=\"elementor-divider\">\n\t\t\t<span class=\"elementor-divider-separator\">\n\t\t\t\t\t\t<\/span>\n\t\t<\/div>\n\t\t\t\t\t\t<\/div>\n\t\t\t\t<\/div>\n\t\t\t\t<div class=\"elementor-element elementor-element-720afc2 elementor-widget elementor-widget-text-editor\" data-id=\"720afc2\" data-element_type=\"widget\" data-e-type=\"widget\" data-widget_type=\"text-editor.default\">\n\t\t\t\t<div class=\"elementor-widget-container\">\n\t\t\t\t\t\t\t\t\t<p>You are open for new experiences and ready to explore new pathways together with our team in order to improve your corporate communications: Fill in our questionnaire.<\/p><p>Sie brauchen daf\u00fcr ca. 10 Minuten und qualifizieren sich damit f\u00fcr \u201eEXPLORE\u201c. EXPLORE ist ein offenes Workshop- und Event-Format, bei dem wir Ihnen Best Practice Beispiele zeigen und wir gemeinsam durch kreative Methoden Themen identifizieren, mit denen Sie Ihre HR-Arbeit wertvoller f\u00fcr Kollegen, Mitarbeitende und sich selbst machen k\u00f6nnen. Sie lernen uns kennen und d\u00fcrfen einen Tag lang mit uns aktiv an Ihren Ideen arbeiten. Mehr dazu sp\u00e4ter. Nun zum Fragebogen \u2013 viel Spa\u00df dabei!<\/p>\t\t\t\t\t\t\t\t<\/div>\n\t\t\t\t<\/div>\n\t\t\t\t\t<\/div>\n\t\t<\/div>\n\t\t\t\t\t<\/div>\n\t\t<\/section>\n\t\t\t\t<section class=\"elementor-section elementor-top-section elementor-element elementor-element-2ab39b2 elementor-section-boxed elementor-section-height-default elementor-section-height-default\" data-id=\"2ab39b2\" data-element_type=\"section\" data-e-type=\"section\">\n\t\t\t\t\t\t<div class=\"elementor-container elementor-column-gap-default\">\n\t\t\t\t\t<div class=\"elementor-column elementor-col-100 elementor-top-column elementor-element elementor-element-9b1bbc3\" data-id=\"9b1bbc3\" data-element_type=\"column\" data-e-type=\"column\">\n\t\t\t<div class=\"elementor-widget-wrap elementor-element-populated\">\n\t\t\t\t\t\t<div class=\"elementor-element elementor-element-10542e2 elementor-button-align-start elementor-invisible elementor-widget elementor-widget-form\" data-id=\"10542e2\" data-element_type=\"widget\" data-e-type=\"widget\" data-settings=\"{&quot;_animation&quot;:&quot;fadeInRight&quot;,&quot;step_next_label&quot;:&quot;N\\u00e4chster&quot;,&quot;step_previous_label&quot;:&quot;Voriger&quot;,&quot;button_width&quot;:&quot;100&quot;,&quot;step_type&quot;:&quot;number_text&quot;,&quot;step_icon_shape&quot;:&quot;circle&quot;}\" data-widget_type=\"form.default\">\n\t\t\t\t<div class=\"elementor-widget-container\">\n\t\t\t\t\t\t\t<form class=\"elementor-form\" method=\"post\" id=\"exploration\" name=\"Neues Formular\" aria-label=\"Neues Formular\">\n\t\t\t<input type=\"hidden\" name=\"post_id\" value=\"12974\"\/>\n\t\t\t<input type=\"hidden\" name=\"form_id\" value=\"10542e2\"\/>\n\t\t\t<input type=\"hidden\" name=\"referer_title\" value=\"Unequity Special: EXPLORE Questionnaire\" \/>\n\n\t\t\t\t\t\t\t<input type=\"hidden\" name=\"queried_id\" value=\"12974\"\/>\n\t\t\t\n\t\t\t<div class=\"elementor-form-fields-wrapper elementor-labels-above\">\n\t\t\t\t\t\t\t\t<div class=\"elementor-field-type-text elementor-field-group elementor-column elementor-field-group-name elementor-col-50 elementor-field-required elementor-mark-required\">\n\t\t\t\t\t\t\t\t\t\t\t\t<label for=\"form-field-name\" class=\"elementor-field-label\">\n\t\t\t\t\t\t\t\tName\t\t\t\t\t\t\t<\/label>\n\t\t\t\t\t\t\t\t\t\t\t\t\t\t<input size=\"1\" type=\"text\" name=\"form_fields[name]\" id=\"form-field-name\" class=\"elementor-field elementor-size-sm  elementor-field-textual\" placeholder=\"Name\" required=\"required\">\n\t\t\t\t\t\t\t\t\t\t\t<\/div>\n\t\t\t\t\t\t\t\t<div class=\"elementor-field-type-text elementor-field-group elementor-column elementor-field-group-field_16 elementor-col-50 elementor-field-required elementor-mark-required\">\n\t\t\t\t\t\t\t\t\t\t\t\t<label for=\"form-field-field_16\" class=\"elementor-field-label\">\n\t\t\t\t\t\t\t\tFirst Name\t\t\t\t\t\t\t<\/label>\n\t\t\t\t\t\t\t\t\t\t\t\t\t\t<input size=\"1\" type=\"text\" name=\"form_fields[field_16]\" id=\"form-field-field_16\" class=\"elementor-field elementor-size-sm  elementor-field-textual\" placeholder=\"First Name\" required=\"required\">\n\t\t\t\t\t\t\t\t\t\t\t<\/div>\n\t\t\t\t\t\t\t\t<div class=\"elementor-field-type-tel elementor-field-group elementor-column elementor-field-group-field_17 elementor-col-50 elementor-field-required elementor-mark-required\">\n\t\t\t\t\t\t\t\t\t\t\t\t<label for=\"form-field-field_17\" class=\"elementor-field-label\">\n\t\t\t\t\t\t\t\tPhone\t\t\t\t\t\t\t<\/label>\n\t\t\t\t\t\t\t\t<input size=\"1\" type=\"tel\" name=\"form_fields[field_17]\" id=\"form-field-field_17\" class=\"elementor-field elementor-size-sm  elementor-field-textual\" placeholder=\"Phone\" required=\"required\" pattern=\"[0-9()#&amp;+*-=.]+\" title=\"Only numbers and phone characters (#, -, *, etc) are accepted.\">\n\n\t\t\t\t\t\t<\/div>\n\t\t\t\t\t\t\t\t<div class=\"elementor-field-type-email elementor-field-group elementor-column elementor-field-group-email elementor-col-50 elementor-field-required elementor-mark-required\">\n\t\t\t\t\t\t\t\t\t\t\t\t<label for=\"form-field-email\" class=\"elementor-field-label\">\n\t\t\t\t\t\t\t\tE-Mail\t\t\t\t\t\t\t<\/label>\n\t\t\t\t\t\t\t\t\t\t\t\t\t\t<input size=\"1\" type=\"email\" name=\"form_fields[email]\" id=\"form-field-email\" class=\"elementor-field elementor-size-sm  elementor-field-textual\" placeholder=\"E-Mail\" required=\"required\">\n\t\t\t\t\t\t\t\t\t\t\t<\/div>\n\t\t\t\t\t\t\t\t<div class=\"elementor-field-type-text elementor-field-group elementor-column elementor-field-group-field_15 elementor-col-50 elementor-field-required elementor-mark-required\">\n\t\t\t\t\t\t\t\t\t\t\t\t<label for=\"form-field-field_15\" class=\"elementor-field-label\">\n\t\t\t\t\t\t\t\tPresent Company\t\t\t\t\t\t\t<\/label>\n\t\t\t\t\t\t\t\t\t\t\t\t\t\t<input size=\"1\" type=\"text\" name=\"form_fields[field_15]\" id=\"form-field-field_15\" class=\"elementor-field elementor-size-sm  elementor-field-textual\" placeholder=\"Present company\" required=\"required\">\n\t\t\t\t\t\t\t\t\t\t\t<\/div>\n\t\t\t\t\t\t\t\t<div class=\"elementor-field-type-text elementor-field-group elementor-column elementor-field-group-field_18 elementor-col-50 elementor-field-required elementor-mark-required\">\n\t\t\t\t\t\t\t\t\t\t\t\t<label for=\"form-field-field_18\" class=\"elementor-field-label\">\n\t\t\t\t\t\t\t\tPosition\t\t\t\t\t\t\t<\/label>\n\t\t\t\t\t\t\t\t\t\t\t\t\t\t<input size=\"1\" type=\"text\" name=\"form_fields[field_18]\" id=\"form-field-field_18\" class=\"elementor-field elementor-size-sm  elementor-field-textual\" placeholder=\"Position\" required=\"required\">\n\t\t\t\t\t\t\t\t\t\t\t<\/div>\n\t\t\t\t\t\t\t\t<div class=\"elementor-field-type-text elementor-field-group elementor-column elementor-field-group-field_19 elementor-col-100 elementor-field-required elementor-mark-required\">\n\t\t\t\t\t\t\t\t\t\t\t\t<label for=\"form-field-field_19\" class=\"elementor-field-label\">\n\t\t\t\t\t\t\t\tSeit wann sind Sie bei Ihrem heutigen Unternehmen besch\u00e4ftigt?\t\t\t\t\t\t\t<\/label>\n\t\t\t\t\t\t\t\t\t\t\t\t\t\t<input size=\"1\" type=\"text\" name=\"form_fields[field_19]\" id=\"form-field-field_19\" class=\"elementor-field elementor-size-sm  elementor-field-textual\" placeholder=\"Antwort\" required=\"required\">\n\t\t\t\t\t\t\t\t\t\t\t<\/div>\n\t\t\t\t\t\t\t\t<div class=\"elementor-field-type-textarea elementor-field-group elementor-column elementor-field-group-message elementor-col-100 elementor-field-required elementor-mark-required\">\n\t\t\t\t\t\t\t\t\t\t\t\t<label for=\"form-field-message\" class=\"elementor-field-label\">\n\t\t\t\t\t\t\t\tAnschrift des Unternehmens bei dem Sie besch\u00e4ftigt sind\t\t\t\t\t\t\t<\/label>\n\t\t\t\t\t\t<textarea class=\"elementor-field-textual elementor-field  elementor-size-sm\" name=\"form_fields[message]\" id=\"form-field-message\" rows=\"5\" placeholder=\"Antwort\" required=\"required\"><\/textarea>\t\t\t\t<\/div>\n\t\t\t\t\t\t\t\t<div class=\"elementor-field-type-text elementor-field-group elementor-column elementor-field-group-field_20 elementor-col-50\">\n\t\t\t\t\t\t\t\t\t\t\t\t<label for=\"form-field-field_20\" class=\"elementor-field-label\">\n\t\t\t\t\t\t\t\tVorheriges Unternehmen\t\t\t\t\t\t\t<\/label>\n\t\t\t\t\t\t\t\t\t\t\t\t\t\t<input size=\"1\" type=\"text\" name=\"form_fields[field_20]\" id=\"form-field-field_20\" class=\"elementor-field elementor-size-sm  elementor-field-textual\" placeholder=\"Antwort\">\n\t\t\t\t\t\t\t\t\t\t\t<\/div>\n\t\t\t\t\t\t\t\t<div class=\"elementor-field-type-text elementor-field-group elementor-column elementor-field-group-field_21 elementor-col-50\">\n\t\t\t\t\t\t\t\t\t\t\t\t<label for=\"form-field-field_21\" class=\"elementor-field-label\">\n\t\t\t\t\t\t\t\tIhr Geburtsjahrgang\t\t\t\t\t\t\t<\/label>\n\t\t\t\t\t\t\t\t\t\t\t\t\t\t<input size=\"1\" type=\"text\" name=\"form_fields[field_21]\" id=\"form-field-field_21\" class=\"elementor-field elementor-size-sm  elementor-field-textual\" placeholder=\"Antwort\">\n\t\t\t\t\t\t\t\t\t\t\t<\/div>\n\t\t\t\t\t\t\t\t<div class=\"elementor-field-type-textarea elementor-field-group elementor-column elementor-field-group-7827371 elementor-col-100\">\n\t\t\t\t\t\t\t\t\t\t\t\t<label for=\"form-field-7827371\" class=\"elementor-field-label\">\n\t\t\t\t\t\t\t\t1. Beschreiben Sie bitte kurz Ihre Aufgaben und Ihren Verantwortungsbereich im Unternehmen.\t\t\t\t\t\t\t<\/label>\n\t\t\t\t\t\t<textarea class=\"elementor-field-textual elementor-field  elementor-size-sm\" name=\"form_fields[7827371]\" id=\"form-field-7827371\" rows=\"3\" placeholder=\"Antwort\"><\/textarea>\t\t\t\t<\/div>\n\t\t\t\t\t\t\t\t<div class=\"elementor-field-type-textarea elementor-field-group elementor-column elementor-field-group-e69f14c elementor-col-100\">\n\t\t\t\t\t\t\t\t\t\t\t\t<label for=\"form-field-e69f14c\" class=\"elementor-field-label\">\n\t\t\t\t\t\t\t\t2. Wof\u00fcr steht Ihr Unternehmen? \t\t\t\t\t\t\t<\/label>\n\t\t\t\t\t\t<textarea class=\"elementor-field-textual elementor-field  elementor-size-sm\" name=\"form_fields[e69f14c]\" id=\"form-field-e69f14c\" rows=\"3\" placeholder=\"Antwort\"><\/textarea>\t\t\t\t<\/div>\n\t\t\t\t\t\t\t\t<div class=\"elementor-field-type-textarea elementor-field-group elementor-column elementor-field-group-field_1 elementor-col-100\">\n\t\t\t\t\t\t\t\t\t\t\t\t<label for=\"form-field-field_1\" class=\"elementor-field-label\">\n\t\t\t\t\t\t\t\t3. Was motiviert Sie t\u00e4glich Ihr Bestes f\u00fcr Ihr Unternehmen zu leisten? \t\t\t\t\t\t\t<\/label>\n\t\t\t\t\t\t<textarea class=\"elementor-field-textual elementor-field  elementor-size-sm\" name=\"form_fields[field_1]\" id=\"form-field-field_1\" rows=\"3\" placeholder=\"Antwort\"><\/textarea>\t\t\t\t<\/div>\n\t\t\t\t\t\t\t\t<div class=\"elementor-field-type-textarea elementor-field-group elementor-column elementor-field-group-field_2 elementor-col-100\">\n\t\t\t\t\t\t\t\t\t\t\t\t<label for=\"form-field-field_2\" class=\"elementor-field-label\">\n\t\t\t\t\t\t\t\t4. Welche Ziele m\u00f6chten Sie beruflich f\u00fcr sich als n\u00e4chstes erreichen? \t\t\t\t\t\t\t<\/label>\n\t\t\t\t\t\t<textarea class=\"elementor-field-textual elementor-field  elementor-size-sm\" name=\"form_fields[field_2]\" id=\"form-field-field_2\" rows=\"3\" placeholder=\"Antwort\"><\/textarea>\t\t\t\t<\/div>\n\t\t\t\t\t\t\t\t<div class=\"elementor-field-type-textarea elementor-field-group elementor-column elementor-field-group-field_3 elementor-col-100\">\n\t\t\t\t\t\t\t\t\t\t\t\t<label for=\"form-field-field_3\" class=\"elementor-field-label\">\n\t\t\t\t\t\t\t\t5. Was sind aktuell Ihre gr\u00f6\u00dften beruflichen Herausforderungen? \t\t\t\t\t\t\t<\/label>\n\t\t\t\t\t\t<textarea class=\"elementor-field-textual elementor-field  elementor-size-sm\" name=\"form_fields[field_3]\" id=\"form-field-field_3\" rows=\"3\" placeholder=\"Antwort\"><\/textarea>\t\t\t\t<\/div>\n\t\t\t\t\t\t\t\t<div class=\"elementor-field-type-textarea elementor-field-group elementor-column elementor-field-group-field_10 elementor-col-100\">\n\t\t\t\t\t\t\t\t\t\t\t\t<label for=\"form-field-field_10\" class=\"elementor-field-label\">\n\t\t\t\t\t\t\t\t6. Was sind Ihrer Meinung nach die gr\u00f6\u00dften zuk\u00fcnftigen Herausforderungen f\u00fcr HR? \t\t\t\t\t\t\t<\/label>\n\t\t\t\t\t\t<textarea class=\"elementor-field-textual elementor-field  elementor-size-sm\" name=\"form_fields[field_10]\" id=\"form-field-field_10\" rows=\"3\" placeholder=\"Antwort\"><\/textarea>\t\t\t\t<\/div>\n\t\t\t\t\t\t\t\t<div class=\"elementor-field-type-textarea elementor-field-group elementor-column elementor-field-group-field_9 elementor-col-100\">\n\t\t\t\t\t\t\t\t\t\t\t\t<label for=\"form-field-field_9\" class=\"elementor-field-label\">\n\t\t\t\t\t\t\t\t7. Besch\u00e4ftigen Sie sich in Ihrem Unternehmen bereits mit Themen der neuen Arbeitswelt? Wenn ja, mit welchen und warum? \t\t\t\t\t\t\t<\/label>\n\t\t\t\t\t\t<textarea class=\"elementor-field-textual elementor-field  elementor-size-sm\" name=\"form_fields[field_9]\" id=\"form-field-field_9\" rows=\"3\" placeholder=\"Antwort\"><\/textarea>\t\t\t\t<\/div>\n\t\t\t\t\t\t\t\t<div class=\"elementor-field-type-textarea elementor-field-group elementor-column elementor-field-group-field_8 elementor-col-100\">\n\t\t\t\t\t\t\t\t\t\t\t\t<label for=\"form-field-field_8\" class=\"elementor-field-label\">\n\t\t\t\t\t\t\t\t8. Welche Ver\u00e4nderung der Arbeitswelt bedeutet Ihnen pers\u00f6nlich am meisten?\t\t\t\t\t\t\t<\/label>\n\t\t\t\t\t\t<textarea class=\"elementor-field-textual elementor-field  elementor-size-sm\" name=\"form_fields[field_8]\" id=\"form-field-field_8\" rows=\"3\" placeholder=\"Antwort\"><\/textarea>\t\t\t\t<\/div>\n\t\t\t\t\t\t\t\t<div class=\"elementor-field-type-textarea elementor-field-group elementor-column elementor-field-group-field_7 elementor-col-100\">\n\t\t\t\t\t\t\t\t\t\t\t\t<label for=\"form-field-field_7\" class=\"elementor-field-label\">\n\t\t\t\t\t\t\t\t9. Gibt es ein Herzensprojekt, das Sie f\u00fcr Ihr Unternehmen gerne verwirklichen m\u00f6chten?\t\t\t\t\t\t\t<\/label>\n\t\t\t\t\t\t<textarea class=\"elementor-field-textual elementor-field  elementor-size-sm\" name=\"form_fields[field_7]\" id=\"form-field-field_7\" rows=\"3\" placeholder=\"Antwort\"><\/textarea>\t\t\t\t<\/div>\n\t\t\t\t\t\t\t\t<div class=\"elementor-field-type-textarea elementor-field-group elementor-column elementor-field-group-field_6 elementor-col-100\">\n\t\t\t\t\t\t\t\t\t\t\t\t<label for=\"form-field-field_6\" class=\"elementor-field-label\">\n\t\t\t\t\t\t\t\t10. Gibt es eine konkrete Aufgabe, die Sie gemeinsam mit unserem Agenturteam diskutieren und beleuchten m\u00f6chten? \t\t\t\t\t\t\t<\/label>\n\t\t\t\t\t\t<textarea class=\"elementor-field-textual elementor-field  elementor-size-sm\" name=\"form_fields[field_6]\" id=\"form-field-field_6\" rows=\"3\" placeholder=\"Antwort\"><\/textarea>\t\t\t\t<\/div>\n\t\t\t\t\t\t\t\t<div class=\"elementor-field-type-textarea elementor-field-group elementor-column elementor-field-group-field_5 elementor-col-100\">\n\t\t\t\t\t\t\t\t\t\t\t\t<label for=\"form-field-field_5\" class=\"elementor-field-label\">\n\t\t\t\t\t\t\t\t11. Welche Erwartungen stellen Sie an unser EXPLORE-Format? \t\t\t\t\t\t\t<\/label>\n\t\t\t\t\t\t<textarea class=\"elementor-field-textual elementor-field  elementor-size-sm\" name=\"form_fields[field_5]\" id=\"form-field-field_5\" rows=\"3\" placeholder=\"Antwort\"><\/textarea>\t\t\t\t<\/div>\n\t\t\t\t\t\t\t\t<div class=\"elementor-field-type-checkbox elementor-field-group elementor-column elementor-field-group-field_4 elementor-col-100\">\n\t\t\t\t\t\t\t\t\t\t\t\t<label for=\"form-field-field_4\" class=\"elementor-field-label\">\n\t\t\t\t\t\t\t\t12. Was sind Ihre Pr\u00e4ferenzen?\t\t\t\t\t\t\t<\/label>\n\t\t\t\t\t\t<div class=\"elementor-field-subgroup  \"><span class=\"elementor-field-option\"><input type=\"checkbox\" value=\"Kaffee\" id=\"form-field-field_4-0\" name=\"form_fields[field_4][]\"> <label for=\"form-field-field_4-0\">Kaffee<\/label><\/span><span class=\"elementor-field-option\"><input type=\"checkbox\" value=\"Tee\" id=\"form-field-field_4-1\" name=\"form_fields[field_4][]\"> <label for=\"form-field-field_4-1\">Tee<\/label><\/span><span class=\"elementor-field-option\"><input type=\"checkbox\" value=\"oder hei\u00dfe Schokolade? \" id=\"form-field-field_4-2\" name=\"form_fields[field_4][]\"> <label for=\"form-field-field_4-2\">oder hei\u00dfe Schokolade? <\/label><\/span><span class=\"elementor-field-option\"><input type=\"checkbox\" value=\"S\u00fc\u00dfes\" id=\"form-field-field_4-3\" name=\"form_fields[field_4][]\"> <label for=\"form-field-field_4-3\">S\u00fc\u00dfes<\/label><\/span><span class=\"elementor-field-option\"><input type=\"checkbox\" value=\"oder salziges Geb\u00e4ck? \" id=\"form-field-field_4-4\" name=\"form_fields[field_4][]\"> <label for=\"form-field-field_4-4\">oder salziges Geb\u00e4ck? <\/label><\/span><span class=\"elementor-field-option\"><input type=\"checkbox\" value=\"EXPLORE-Teilnahme alleine\" id=\"form-field-field_4-5\" name=\"form_fields[field_4][]\"> <label for=\"form-field-field_4-5\">EXPLORE-Teilnahme alleine<\/label><\/span><span class=\"elementor-field-option\"><input type=\"checkbox\" value=\"oder lieber mit Begleitung?\" id=\"form-field-field_4-6\" name=\"form_fields[field_4][]\"> <label for=\"form-field-field_4-6\">oder lieber mit Begleitung?<\/label><\/span><span class=\"elementor-field-option\"><input type=\"checkbox\" value=\"Kunst und Kultur\" id=\"form-field-field_4-7\" name=\"form_fields[field_4][]\"> <label for=\"form-field-field_4-7\">Kunst und Kultur<\/label><\/span><span class=\"elementor-field-option\"><input type=\"checkbox\" value=\"oder Bewegung?\" id=\"form-field-field_4-8\" name=\"form_fields[field_4][]\"> <label for=\"form-field-field_4-8\">oder Bewegung?<\/label><\/span><\/div>\t\t\t\t<\/div>\n\t\t\t\t\t\t\t\t<div class=\"elementor-field-type-checkbox elementor-field-group elementor-column elementor-field-group-field_11 elementor-col-100\">\n\t\t\t\t\t\t\t\t\t\t\t\t<label for=\"form-field-field_11\" class=\"elementor-field-label\">\n\t\t\t\t\t\t\t\t13. Wie sind Sie auf Unequity aufmerksam geworden? \t\t\t\t\t\t\t<\/label>\n\t\t\t\t\t\t<div class=\"elementor-field-subgroup  \"><span class=\"elementor-field-option\"><input type=\"checkbox\" value=\"Kenne Unequity schon aus der Zusammenarbeit.\" id=\"form-field-field_11-0\" name=\"form_fields[field_11][]\"> <label for=\"form-field-field_11-0\">Kenne Unequity schon aus der Zusammenarbeit.<\/label><\/span><span class=\"elementor-field-option\"><input type=\"checkbox\" value=\"Kenne Unequity von Konferenzen. \" id=\"form-field-field_11-1\" name=\"form_fields[field_11][]\"> <label for=\"form-field-field_11-1\">Kenne Unequity von Konferenzen. <\/label><\/span><span class=\"elementor-field-option\"><input type=\"checkbox\" value=\"Unequity wurde mir durch einen Kontakt empfohlen. \" id=\"form-field-field_11-2\" name=\"form_fields[field_11][]\"> <label for=\"form-field-field_11-2\">Unequity wurde mir durch einen Kontakt empfohlen. <\/label><\/span><span class=\"elementor-field-option\"><input type=\"checkbox\" value=\"Ich wurde von Unequity direkt angesprochen\/angeschrieben. \" id=\"form-field-field_11-3\" name=\"form_fields[field_11][]\"> <label for=\"form-field-field_11-3\">Ich wurde von Unequity direkt angesprochen\/angeschrieben. <\/label><\/span><span class=\"elementor-field-option\"><input type=\"checkbox\" value=\"Sonstiges\" id=\"form-field-field_11-4\" name=\"form_fields[field_11][]\"> <label for=\"form-field-field_11-4\">Sonstiges<\/label><\/span><\/div>\t\t\t\t<\/div>\n\t\t\t\t\t\t\t\t<div class=\"elementor-field-type-acceptance elementor-field-group elementor-column elementor-field-group-cf23e9d elementor-col-100 elementor-field-required elementor-mark-required\">\n\t\t\t\t\t\t\t<div class=\"elementor-field-subgroup\">\n\t\t\t<span class=\"elementor-field-option\">\n\t\t\t\t<input type=\"checkbox\" name=\"form_fields[cf23e9d]\" id=\"form-field-cf23e9d\" class=\"elementor-field elementor-size-sm  elementor-acceptance-field\" required=\"required\">\n\t\t\t\t<label for=\"form-field-cf23e9d\">Ja, ich habe die  <a href=\"\/datenschutzerklaerung\/\" style=\"color: #000; text-decoration: underline;\">Datenschutzerkl\u00e4rung<\/a> zur Kenntnis genommen. Ich stimme zu, dass meine Angaben und Daten zur Beantwortung meiner Anfrage elektronisch erhoben und gespeichert werden. Sie k\u00f6nnen Ihre Einwilligung jederzeit per E-Mail an info@unequity.com widerrufen.<\/label>\t\t\t<\/span>\n\t\t<\/div>\n\t\t\t\t\t\t<\/div>\n\t\t\t\t\t\t\t\t<div class=\"elementor-field-group elementor-column elementor-field-type-submit elementor-col-100 e-form__buttons\">\n\t\t\t\t\t<button class=\"elementor-button elementor-size-sm\" type=\"submit\">\n\t\t\t\t\t\t<span class=\"elementor-button-content-wrapper\">\n\t\t\t\t\t\t\t\t\t\t\t\t\t\t\t<span class=\"elementor-button-icon\">\n\t\t\t\t\t\t\t\t\t<i class=\"fa fa-send\" aria-hidden=\"true\"><\/i>\t\t\t\t\t\t\t\t\t\t\t\t\t\t\t\t\t<\/span>\n\t\t\t\t\t\t\t\t\t\t\t\t\t\t\t\t\t\t\t\t\t\t<span class=\"elementor-button-text\">Senden<\/span>\n\t\t\t\t\t\t\t\t\t\t\t\t\t<\/span>\n\t\t\t\t\t<\/button>\n\t\t\t\t<\/div>\n\t\t\t<\/div>\n\t\t<\/form>\n\t\t\t\t\t\t<\/div>\n\t\t\t\t<\/div>\n\t\t\t\t<div class=\"elementor-element elementor-element-2173abf elementor-widget elementor-widget-spacer\" data-id=\"2173abf\" data-element_type=\"widget\" data-e-type=\"widget\" data-widget_type=\"spacer.default\">\n\t\t\t\t<div class=\"elementor-widget-container\">\n\t\t\t\t\t\t\t<div class=\"elementor-spacer\">\n\t\t\t<div class=\"elementor-spacer-inner\"><\/div>\n\t\t<\/div>\n\t\t\t\t\t\t<\/div>\n\t\t\t\t<\/div>\n\t\t\t\t\t<\/div>\n\t\t<\/div>\n\t\t\t\t\t<\/div>\n\t\t<\/section>\n\t\t\t\t<\/div>\n\t\t","protected":false},"excerpt":{"rendered":"<p>Let&#8217;s find new pathways together You are open for new experiences and ready to explore new pathways together with our team in order to improve your corporate communications: Fill in our questionnaire. Sie brauchen daf\u00fcr ca. 10 Minuten und qualifizieren sich damit f\u00fcr \u201eEXPLORE\u201c. EXPLORE ist ein offenes Workshop- und Event-Format, bei dem wir Ihnen &#8230; <a title=\"Unequity Special: EXPLORE Questionnaire\" class=\"read-more\" href=\"https:\/\/unequity.com\/en\/unequity-special-explore-questionnaire\/\" aria-label=\"Read more about Unequity Special: EXPLORE Questionnaire\">Weiterlesen<\/a><\/p>\n","protected":false},"author":4,"featured_media":0,"parent":0,"menu_order":0,"comment_status":"closed","ping_status":"closed","template":"","meta":{"_seopress_robots_primary_cat":"","_seopress_titles_title":"","_seopress_titles_desc":"","_seopress_robots_index":"","inline_featured_image":false,"generate_page_header":"","footnotes":""},"class_list":["post-12974","page","type-page","status-publish"],"_links":{"self":[{"href":"https:\/\/unequity.com\/en\/wp-json\/wp\/v2\/pages\/12974","targetHints":{"allow":["GET"]}}],"collection":[{"href":"https:\/\/unequity.com\/en\/wp-json\/wp\/v2\/pages"}],"about":[{"href":"https:\/\/unequity.com\/en\/wp-json\/wp\/v2\/types\/page"}],"author":[{"embeddable":true,"href":"https:\/\/unequity.com\/en\/wp-json\/wp\/v2\/users\/4"}],"replies":[{"embeddable":true,"href":"https:\/\/unequity.com\/en\/wp-json\/wp\/v2\/comments?post=12974"}],"version-history":[{"count":0,"href":"https:\/\/unequity.com\/en\/wp-json\/wp\/v2\/pages\/12974\/revisions"}],"wp:attachment":[{"href":"https:\/\/unequity.com\/en\/wp-json\/wp\/v2\/media?parent=12974"}],"curies":[{"name":"wp","href":"https:\/\/api.w.org\/{rel}","templated":true}]}}